{"id":4509,"date":"2023-05-08T05:18:38","date_gmt":"2023-05-08T03:18:38","guid":{"rendered":"https:\/\/www.pawbol.pl\/news\/"},"modified":"2023-09-14T15:40:52","modified_gmt":"2023-09-14T13:40:52","slug":"news","status":"publish","type":"page","link":"https:\/\/www.pawbol.pl\/en\/news\/","title":{"rendered":"News"},"content":{"rendered":"<div class=\"fusion-fullwidth fullwidth-box fusion-builder-row-1 fusion-flex-container has-pattern-background has-mask-background nonhundred-percent-fullwidth non-hundred-percent-height-scrolling\" style=\"--awb-border-radius-top-left:0px;--awb-border-radius-top-right:0px;--awb-border-radius-bottom-right:0px;--awb-border-radius-bottom-left:0px;\" ><div class=\"fusion-builder-row fusion-row fusion-flex-align-items-flex-start\" style=\"max-width:calc( 1200px + 0px );margin-left: calc(-0px \/ 2 );margin-right: calc(-0px \/ 2 );\"><div class=\"fusion-layout-column fusion_builder_column fusion-builder-column-0 fusion_builder_column_1_1 1_1 fusion-flex-column\" style=\"--awb-bg-size:cover;--awb-width-large:100%;--awb-margin-top-large:0px;--awb-spacing-right-large:0;--awb-margin-bottom-large:20px;--awb-spacing-left-large:0;--awb-width-medium:100%;--awb-order-medium:0;--awb-spacing-right-medium:0;--awb-spacing-left-medium:0;--awb-width-small:100%;--awb-order-small:0;--awb-spacing-right-small:0;--awb-spacing-left-small:0;\"><div class=\"fusion-column-wrapper fusion-column-has-shadow fusion-flex-justify-content-flex-start fusion-content-layout-column\"><div class=\"fusion-blog-shortcode fusion-blog-shortcode-1 fusion-blog-archive fusion-blog-layout-grid-wrapper fusion-blog-no fusion-blog-layout-center news-feed\" style=\"--awb-title-font-size:18px;--awb-title-line-height:24px;--awb-title-letter-spacing:0px;--awb-title-font-family:&quot;Albert Sans&quot;;--awb-title-font-style:normal;--awb-title-font-weight:400;\"><style type=\"text\/css\">.fusion-blog-shortcode-1 .fusion-blog-layout-grid .fusion-post-grid{padding:15px;}.fusion-blog-shortcode-1 .fusion-posts-container{margin-left: -15px !important; margin-right:-15px !important;}<\/style><div class=\"fusion-posts-container fusion-posts-container-no fusion-no-meta-info fusion-blog-layout-grid fusion-blog-layout-grid-3 isotope fusion-blog-equal-heights\" data-pages=\"0\" data-grid-col-space=\"30\" style=\"margin: -15px -15px 0;min-height:500px;\"><article id=\"blog-1-post-11538\" class=\"fusion-post-grid post-11538 post type-post status-publish format-standard has-post-thumbnail hentry category-investor-relations category-no-category\">\n<div class=\"fusion-post-wrapper\" style=\"background-color:rgba(255,255,255,0);border:1px solid var(--awb-color2);border-bottom-width:3px;\">\n\n\t\t\t<div class=\"fusion-flexslider flexslider fusion-flexslider-loading fusion-post-slideshow\" style=\"border-color:var(--awb-color2);\">\n\t\t<ul class=\"slides\">\n\t\t\t\n\t\t\t\t\t\t\t\t\t\t\t\t\t\t<li><div  class=\"fusion-image-wrapper\" aria-haspopup=\"true\">\n\t\t\t\t\t\t\t<a href=\"https:\/\/www.pawbol.pl\/en\/no-category\/information-merger-of-companies\/\" aria-label=\"Plan for the merger of companies\">\n\t\t\t\t\t\t\t<img loading=\"lazy\" decoding=\"async\" width=\"1280\" height=\"845\" src=\"https:\/\/www.pawbol.pl\/wp-content\/uploads\/2025\/11\/handshake-7249766_1280.jpg\" class=\"attachment-full size-full wp-post-image\" alt=\"\" srcset=\"https:\/\/www.pawbol.pl\/wp-content\/uploads\/2025\/11\/handshake-7249766_1280-200x132.jpg 200w, https:\/\/www.pawbol.pl\/wp-content\/uploads\/2025\/11\/handshake-7249766_1280-400x264.jpg 400w, https:\/\/www.pawbol.pl\/wp-content\/uploads\/2025\/11\/handshake-7249766_1280-600x396.jpg 600w, https:\/\/www.pawbol.pl\/wp-content\/uploads\/2025\/11\/handshake-7249766_1280-800x528.jpg 800w, https:\/\/www.pawbol.pl\/wp-content\/uploads\/2025\/11\/handshake-7249766_1280-1200x792.jpg 1200w, https:\/\/www.pawbol.pl\/wp-content\/uploads\/2025\/11\/handshake-7249766_1280.jpg 1280w\" sizes=\"auto, (min-width: 2200px) 100vw, (min-width: 794px) 380px, (min-width: 717px) 570px, (min-width: 640px) 717px, \" \/>\t\t\t<\/a>\n\t\t\t\t\t\t\t<\/div>\n<\/li>\n\t\t\t\n\t\t\t\n\t\t\t\t\t\t\t\t\t\t\t\t\t\t\t\t\t\t\t\t\t\t\t\t\t\t\t\t\t\t\t\t\t\t\t\t\t\t\t\t\t\t\t\t\t\t\t\t\t\t\t\t\t\t\t\t\t\t\t\t\t\t\t\t\t\t\t\t<\/ul>\n\t<\/div>\n\t<div class=\"fusion-post-content-wrapper\" style=\"padding:30px 25px 25px 25px;\"><div class=\"fusion-post-content post-content\"><h4 class=\"blog-shortcode-post-title\"><a href=\"https:\/\/www.pawbol.pl\/en\/no-category\/information-merger-of-companies\/\">Plan for the merger of companies<\/a><\/h4><\/div><\/div><div class=\"fusion-clearfix\"><\/div><\/div>\n<\/article>\n<article id=\"blog-1-post-11052\" class=\"fusion-post-grid post-11052 post type-post status-publish format-standard has-post-thumbnail hentry category-investor-relations\">\n<div class=\"fusion-post-wrapper\" style=\"background-color:rgba(255,255,255,0);border:1px solid var(--awb-color2);border-bottom-width:3px;\">\n\n\t\t\t<div class=\"fusion-flexslider flexslider fusion-flexslider-loading fusion-post-slideshow\" style=\"border-color:var(--awb-color2);\">\n\t\t<ul class=\"slides\">\n\t\t\t\n\t\t\t\t\t\t\t\t\t\t\t\t\t\t<li><div  class=\"fusion-image-wrapper\" aria-haspopup=\"true\">\n\t\t\t\t\t\t\t<a href=\"https:\/\/www.pawbol.pl\/en\/investor-relations\/june-20-2025-will-be-a-non-working-day-in-pawbol-s-a\/\" aria-label=\"June 20, 2025 will be a non-working day in Pawbol S.A.\">\n\t\t\t\t\t\t\t<img loading=\"lazy\" decoding=\"async\" width=\"1200\" height=\"615\" src=\"https:\/\/www.pawbol.pl\/wp-content\/uploads\/2025\/06\/20_czerwca_ang.jpg\" class=\"attachment-full size-full wp-post-image\" alt=\"\" srcset=\"https:\/\/www.pawbol.pl\/wp-content\/uploads\/2025\/06\/20_czerwca_ang-200x103.jpg 200w, https:\/\/www.pawbol.pl\/wp-content\/uploads\/2025\/06\/20_czerwca_ang-400x205.jpg 400w, https:\/\/www.pawbol.pl\/wp-content\/uploads\/2025\/06\/20_czerwca_ang-600x308.jpg 600w, https:\/\/www.pawbol.pl\/wp-content\/uploads\/2025\/06\/20_czerwca_ang-800x410.jpg 800w, https:\/\/www.pawbol.pl\/wp-content\/uploads\/2025\/06\/20_czerwca_ang.jpg 1200w\" sizes=\"auto, (min-width: 2200px) 100vw, (min-width: 794px) 380px, (min-width: 717px) 570px, (min-width: 640px) 717px, \" \/>\t\t\t<\/a>\n\t\t\t\t\t\t\t<\/div>\n<\/li>\n\t\t\t\n\t\t\t\n\t\t\t\t\t\t\t\t\t\t\t\t\t\t\t\t\t\t\t\t\t\t\t\t\t\t\t\t\t\t\t\t\t\t\t\t\t\t\t\t\t\t\t\t\t\t\t\t\t\t\t\t\t\t\t\t\t\t\t\t\t\t\t\t\t\t\t\t<\/ul>\n\t<\/div>\n\t<div class=\"fusion-post-content-wrapper\" style=\"padding:30px 25px 25px 25px;\"><div class=\"fusion-post-content post-content\"><h4 class=\"blog-shortcode-post-title\"><a href=\"https:\/\/www.pawbol.pl\/en\/investor-relations\/june-20-2025-will-be-a-non-working-day-in-pawbol-s-a\/\">June 20, 2025 will be a non-working day in Pawbol S.A.<\/a><\/h4><\/div><\/div><div class=\"fusion-clearfix\"><\/div><\/div>\n<\/article>\n<article id=\"blog-1-post-4508\" class=\"fusion-post-grid post-4508 post type-post status-publish format-standard has-post-thumbnail hentry category-investor-relations\">\n<div class=\"fusion-post-wrapper\" style=\"background-color:rgba(255,255,255,0);border:1px solid var(--awb-color2);border-bottom-width:3px;\">\n\n\t\t\t<div class=\"fusion-flexslider flexslider fusion-flexslider-loading fusion-post-slideshow\" style=\"border-color:var(--awb-color2);\">\n\t\t<ul class=\"slides\">\n\t\t\t\n\t\t\t\t\t\t\t\t\t\t\t\t\t\t<li><div  class=\"fusion-image-wrapper\" aria-haspopup=\"true\">\n\t\t\t\t\t\t\t<a href=\"https:\/\/www.pawbol.pl\/en\/investor-relations\/andrychow-june-15-2023\/\" aria-label=\"Andrych\u00f3w, June 15, 2023\">\n\t\t\t\t\t\t\t<img loading=\"lazy\" decoding=\"async\" width=\"612\" height=\"407\" src=\"https:\/\/www.pawbol.pl\/wp-content\/uploads\/2023\/06\/istockphoto-1426528874-612x612-1.jpg\" class=\"attachment-full size-full wp-post-image\" alt=\"\" srcset=\"https:\/\/www.pawbol.pl\/wp-content\/uploads\/2023\/06\/istockphoto-1426528874-612x612-1-200x133.jpg 200w, https:\/\/www.pawbol.pl\/wp-content\/uploads\/2023\/06\/istockphoto-1426528874-612x612-1-400x266.jpg 400w, https:\/\/www.pawbol.pl\/wp-content\/uploads\/2023\/06\/istockphoto-1426528874-612x612-1-600x399.jpg 600w, https:\/\/www.pawbol.pl\/wp-content\/uploads\/2023\/06\/istockphoto-1426528874-612x612-1.jpg 612w\" sizes=\"auto, (min-width: 2200px) 100vw, (min-width: 794px) 380px, (min-width: 717px) 570px, (min-width: 640px) 717px, \" \/>\t\t\t<\/a>\n\t\t\t\t\t\t\t<\/div>\n<\/li>\n\t\t\t\n\t\t\t\n\t\t\t\t\t\t\t\t\t\t\t\t\t\t\t\t\t\t\t\t\t\t\t\t\t\t\t\t\t\t\t\t\t\t\t\t\t\t\t\t\t\t\t\t\t\t\t\t\t\t\t\t\t\t\t\t\t\t\t\t\t\t\t\t\t\t\t\t<\/ul>\n\t<\/div>\n\t<div class=\"fusion-post-content-wrapper\" style=\"padding:30px 25px 25px 25px;\"><div class=\"fusion-post-content post-content\"><h4 class=\"blog-shortcode-post-title\"><a href=\"https:\/\/www.pawbol.pl\/en\/investor-relations\/andrychow-june-15-2023\/\">Andrych\u00f3w, June 15, 2023<\/a><\/h4><\/div><\/div><div class=\"fusion-clearfix\"><\/div><\/div>\n<\/article>\n<article id=\"blog-1-post-4511\" class=\"fusion-post-grid post-4511 post type-post status-publish format-standard has-post-thumbnail hentry category-award\">\n<div class=\"fusion-post-wrapper\" style=\"background-color:rgba(255,255,255,0);border:1px solid var(--awb-color2);border-bottom-width:3px;\">\n\n\t\t\t<div class=\"fusion-flexslider flexslider fusion-flexslider-loading fusion-post-slideshow\" style=\"border-color:var(--awb-color2);\">\n\t\t<ul class=\"slides\">\n\t\t\t\n\t\t\t\t\t\t\t\t\t\t\t\t\t\t<li><div  class=\"fusion-image-wrapper\" aria-haspopup=\"true\">\n\t\t\t\t\t\t\t<a href=\"https:\/\/www.pawbol.pl\/en\/award\/forbes-diamonds\/\" aria-label=\"FORBES Diamonds\">\n\t\t\t\t\t\t\t<img loading=\"lazy\" decoding=\"async\" width=\"391\" height=\"263\" src=\"https:\/\/www.pawbol.pl\/wp-content\/uploads\/2023\/05\/forebs_03.jpg\" class=\"attachment-full size-full wp-post-image\" alt=\"\" srcset=\"https:\/\/www.pawbol.pl\/wp-content\/uploads\/2023\/05\/forebs_03-200x135.jpg 200w, https:\/\/www.pawbol.pl\/wp-content\/uploads\/2023\/05\/forebs_03.jpg 391w\" sizes=\"auto, (min-width: 2200px) 100vw, (min-width: 794px) 380px, (min-width: 717px) 570px, (min-width: 640px) 717px, \" \/>\t\t\t<\/a>\n\t\t\t\t\t\t\t<\/div>\n<\/li>\n\t\t\t\n\t\t\t\n\t\t\t\t\t\t\t\t\t\t\t\t\t\t\t\t\t\t\t\t\t\t\t\t\t\t\t\t\t\t\t\t\t\t\t\t\t\t\t\t\t\t\t\t\t\t\t\t\t\t\t\t\t\t\t\t\t\t\t\t\t\t\t\t\t\t\t\t<\/ul>\n\t<\/div>\n\t<div class=\"fusion-post-content-wrapper\" style=\"padding:30px 25px 25px 25px;\"><div class=\"fusion-post-content post-content\"><h4 class=\"blog-shortcode-post-title\"><a href=\"https:\/\/www.pawbol.pl\/en\/award\/forbes-diamonds\/\">FORBES Diamonds<\/a><\/h4><\/div><\/div><div class=\"fusion-clearfix\"><\/div><\/div>\n<\/article>\n<article id=\"blog-1-post-4505\" class=\"fusion-post-grid post-4505 post type-post status-publish format-standard has-post-thumbnail hentry category-investor-relations\">\n<div class=\"fusion-post-wrapper\" style=\"background-color:rgba(255,255,255,0);border:1px solid var(--awb-color2);border-bottom-width:3px;\">\n\n\t\t\t<div class=\"fusion-flexslider flexslider fusion-flexslider-loading fusion-post-slideshow\" style=\"border-color:var(--awb-color2);\">\n\t\t<ul class=\"slides\">\n\t\t\t\n\t\t\t\t\t\t\t\t\t\t\t\t\t\t<li><div  class=\"fusion-image-wrapper\" aria-haspopup=\"true\">\n\t\t\t\t\t\t\t<a href=\"https:\/\/www.pawbol.pl\/en\/investor-relations\/andrychow-may-12-2023\/\" aria-label=\"Andrych\u00f3w, May 12, 2023\">\n\t\t\t\t\t\t\t<img loading=\"lazy\" decoding=\"async\" width=\"612\" height=\"407\" src=\"https:\/\/www.pawbol.pl\/wp-content\/uploads\/2023\/05\/istockphoto-1360619049-612x612-1.jpg\" class=\"attachment-full size-full wp-post-image\" alt=\"\" srcset=\"https:\/\/www.pawbol.pl\/wp-content\/uploads\/2023\/05\/istockphoto-1360619049-612x612-1-200x133.jpg 200w, https:\/\/www.pawbol.pl\/wp-content\/uploads\/2023\/05\/istockphoto-1360619049-612x612-1-400x266.jpg 400w, https:\/\/www.pawbol.pl\/wp-content\/uploads\/2023\/05\/istockphoto-1360619049-612x612-1-600x399.jpg 600w, https:\/\/www.pawbol.pl\/wp-content\/uploads\/2023\/05\/istockphoto-1360619049-612x612-1.jpg 612w\" sizes=\"auto, (min-width: 2200px) 100vw, (min-width: 794px) 380px, (min-width: 717px) 570px, (min-width: 640px) 717px, \" \/>\t\t\t<\/a>\n\t\t\t\t\t\t\t<\/div>\n<\/li>\n\t\t\t\n\t\t\t\n\t\t\t\t\t\t\t\t\t\t\t\t\t\t\t\t\t\t\t\t\t\t\t\t\t\t\t\t\t\t\t\t\t\t\t\t\t\t\t\t\t\t\t\t\t\t\t\t\t\t\t\t\t\t\t\t\t\t\t\t\t\t\t\t\t\t\t\t<\/ul>\n\t<\/div>\n\t<div class=\"fusion-post-content-wrapper\" style=\"padding:30px 25px 25px 25px;\"><div class=\"fusion-post-content post-content\"><h4 class=\"blog-shortcode-post-title\"><a href=\"https:\/\/www.pawbol.pl\/en\/investor-relations\/andrychow-may-12-2023\/\">Andrych\u00f3w, May 12, 2023<\/a><\/h4><\/div><\/div><div class=\"fusion-clearfix\"><\/div><\/div>\n<\/article>\n<article id=\"blog-1-post-4512\" class=\"fusion-post-grid post-4512 post type-post status-publish format-standard has-post-thumbnail hentry category-award\">\n<div class=\"fusion-post-wrapper\" style=\"background-color:rgba(255,255,255,0);border:1px solid var(--awb-color2);border-bottom-width:3px;\">\n\n\t\t\t<div class=\"fusion-flexslider flexslider fusion-flexslider-loading fusion-post-slideshow\" style=\"border-color:var(--awb-color2);\">\n\t\t<ul class=\"slides\">\n\t\t\t\n\t\t\t\t\t\t\t\t\t\t\t\t\t\t<li><div  class=\"fusion-image-wrapper\" aria-haspopup=\"true\">\n\t\t\t\t\t\t\t<a href=\"https:\/\/www.pawbol.pl\/en\/award\/gazele-biznesu\/\" aria-label=\"Gazele Biznesu\">\n\t\t\t\t\t\t\t<img loading=\"lazy\" decoding=\"async\" width=\"391\" height=\"263\" src=\"https:\/\/www.pawbol.pl\/wp-content\/uploads\/2023\/05\/nagroda_05.jpg\" class=\"attachment-full size-full wp-post-image\" alt=\"\" srcset=\"https:\/\/www.pawbol.pl\/wp-content\/uploads\/2023\/05\/nagroda_05-200x135.jpg 200w, https:\/\/www.pawbol.pl\/wp-content\/uploads\/2023\/05\/nagroda_05.jpg 391w\" sizes=\"auto, (min-width: 2200px) 100vw, (min-width: 794px) 380px, (min-width: 717px) 570px, (min-width: 640px) 717px, \" \/>\t\t\t<\/a>\n\t\t\t\t\t\t\t<\/div>\n<\/li>\n\t\t\t\n\t\t\t\n\t\t\t\t\t\t\t\t\t\t\t\t\t\t\t\t\t\t\t\t\t\t\t\t\t\t\t\t\t\t\t\t\t\t\t\t\t\t\t\t\t\t\t\t\t\t\t\t\t\t\t\t\t\t\t\t\t\t\t\t\t\t\t\t\t\t\t\t<\/ul>\n\t<\/div>\n\t<div class=\"fusion-post-content-wrapper\" style=\"padding:30px 25px 25px 25px;\"><div class=\"fusion-post-content post-content\"><h4 class=\"blog-shortcode-post-title\"><a href=\"https:\/\/www.pawbol.pl\/en\/award\/gazele-biznesu\/\">Gazele Biznesu<\/a><\/h4><\/div><\/div><div class=\"fusion-clearfix\"><\/div><\/div>\n<\/article>\n<article id=\"blog-1-post-4513\" class=\"fusion-post-grid post-4513 post type-post status-publish format-standard has-post-thumbnail hentry category-award\">\n<div class=\"fusion-post-wrapper\" style=\"background-color:rgba(255,255,255,0);border:1px solid var(--awb-color2);border-bottom-width:3px;\">\n\n\t\t\t<div class=\"fusion-flexslider flexslider fusion-flexslider-loading fusion-post-slideshow\" style=\"border-color:var(--awb-color2);\">\n\t\t<ul class=\"slides\">\n\t\t\t\n\t\t\t\t\t\t\t\t\t\t\t\t\t\t<li><div  class=\"fusion-image-wrapper\" aria-haspopup=\"true\">\n\t\t\t\t\t\t\t<a href=\"https:\/\/www.pawbol.pl\/en\/award\/orly-wprost\/\" aria-label=\"Or\u0142y Wprost\">\n\t\t\t\t\t\t\t<img loading=\"lazy\" decoding=\"async\" width=\"391\" height=\"263\" src=\"https:\/\/www.pawbol.pl\/wp-content\/uploads\/2023\/05\/nagroda_07.jpg\" class=\"attachment-full size-full wp-post-image\" alt=\"\" srcset=\"https:\/\/www.pawbol.pl\/wp-content\/uploads\/2023\/05\/nagroda_07-200x135.jpg 200w, https:\/\/www.pawbol.pl\/wp-content\/uploads\/2023\/05\/nagroda_07.jpg 391w\" sizes=\"auto, (min-width: 2200px) 100vw, (min-width: 794px) 380px, (min-width: 717px) 570px, (min-width: 640px) 717px, \" \/>\t\t\t<\/a>\n\t\t\t\t\t\t\t<\/div>\n<\/li>\n\t\t\t\n\t\t\t\n\t\t\t\t\t\t\t\t\t\t\t\t\t\t\t\t\t\t\t\t\t\t\t\t\t\t\t\t\t\t\t\t\t\t\t\t\t\t\t\t\t\t\t\t\t\t\t\t\t\t\t\t\t\t\t\t\t\t\t\t\t\t\t\t\t\t\t\t<\/ul>\n\t<\/div>\n\t<div class=\"fusion-post-content-wrapper\" style=\"padding:30px 25px 25px 25px;\"><div class=\"fusion-post-content post-content\"><h4 class=\"blog-shortcode-post-title\"><a href=\"https:\/\/www.pawbol.pl\/en\/award\/orly-wprost\/\">Or\u0142y Wprost<\/a><\/h4><\/div><\/div><div class=\"fusion-clearfix\"><\/div><\/div>\n<\/article>\n<div class=\"fusion-clearfix\"><\/div><\/div><\/div><\/div><\/div><\/div><\/div>\n","protected":false},"excerpt":{"rendered":"","protected":false},"author":1,"featured_media":0,"parent":0,"menu_order":0,"comment_status":"closed","ping_status":"closed","template":"","meta":{"_acf_changed":false,"footnotes":""},"class_list":["post-4509","page","type-page","status-publish","hentry"],"acf":[],"yoast_head":"<!-- This site is optimized with the Yoast SEO plugin v27.5 - https:\/\/yoast.com\/product\/yoast-seo-wordpress\/ -->\n<title>News - Pawbol Sp. z o.o. - Producent Osprz\u0119tu Elektrotechnicznego<\/title>\n<meta name=\"robots\" content=\"index, follow, max-snippet:-1, max-image-preview:large, max-video-preview:-1\" \/>\n<link rel=\"canonical\" href=\"https:\/\/www.pawbol.pl\/en\/news\/\" \/>\n<meta property=\"og:locale\" content=\"en_US\" \/>\n<meta property=\"og:type\" content=\"article\" \/>\n<meta property=\"og:title\" content=\"News - Pawbol Sp. z o.o. - Producent Osprz\u0119tu Elektrotechnicznego\" \/>\n<meta property=\"og:url\" content=\"https:\/\/www.pawbol.pl\/en\/news\/\" \/>\n<meta property=\"og:site_name\" content=\"Pawbol Sp. z o.o. - Producent Osprz\u0119tu Elektrotechnicznego\" \/>\n<meta property=\"article:modified_time\" content=\"2023-09-14T13:40:52+00:00\" \/>\n<meta name=\"twitter:card\" content=\"summary_large_image\" \/>\n<meta name=\"twitter:label1\" content=\"Est. reading time\" \/>\n\t<meta name=\"twitter:data1\" content=\"5 minutes\" \/>\n<script type=\"application\/ld+json\" class=\"yoast-schema-graph\">{\"@context\":\"https:\\\/\\\/schema.org\",\"@graph\":[{\"@type\":\"WebPage\",\"@id\":\"https:\\\/\\\/www.pawbol.pl\\\/en\\\/news\\\/\",\"url\":\"https:\\\/\\\/www.pawbol.pl\\\/en\\\/news\\\/\",\"name\":\"News - Pawbol Sp. z o.o. - Producent Osprz\u0119tu Elektrotechnicznego\",\"isPartOf\":{\"@id\":\"https:\\\/\\\/www.pawbol.pl\\\/en\\\/#website\"},\"datePublished\":\"2023-05-08T03:18:38+00:00\",\"dateModified\":\"2023-09-14T13:40:52+00:00\",\"breadcrumb\":{\"@id\":\"https:\\\/\\\/www.pawbol.pl\\\/en\\\/news\\\/#breadcrumb\"},\"inLanguage\":\"en-US\",\"potentialAction\":[{\"@type\":\"ReadAction\",\"target\":[\"https:\\\/\\\/www.pawbol.pl\\\/en\\\/news\\\/\"]}]},{\"@type\":\"BreadcrumbList\",\"@id\":\"https:\\\/\\\/www.pawbol.pl\\\/en\\\/news\\\/#breadcrumb\",\"itemListElement\":[{\"@type\":\"ListItem\",\"position\":1,\"name\":\"Home\",\"item\":\"https:\\\/\\\/www.pawbol.pl\\\/en\\\/\"},{\"@type\":\"ListItem\",\"position\":2,\"name\":\"News\"}]},{\"@type\":\"WebSite\",\"@id\":\"https:\\\/\\\/www.pawbol.pl\\\/en\\\/#website\",\"url\":\"https:\\\/\\\/www.pawbol.pl\\\/en\\\/\",\"name\":\"Pawbol Sp. z o.o. - Producent Osprz\u0119tu Elektrotechnicznego\",\"description\":\"Pawbol Sp. z o.o. to uznany producent osprz\u0119tu elektrotechnicznego. Puszki instalacyjne, osprz\u0119t si\u0142owy, obudowy i skrzynki rozdzielcze, osprz\u0119t o\u015bwietleniowy, listwy zaciskowe, gniazda i wtyczki telefoniczne, rury, kana\u0142y, z\u0142\u0105czki, kana\u0142y i listwy przypod\u0142ogowe, uchwyty i ta\u015bmy kablowe, instalacja odgromowa - to nasza specjalno\u015b\u0107!\",\"potentialAction\":[{\"@type\":\"SearchAction\",\"target\":{\"@type\":\"EntryPoint\",\"urlTemplate\":\"https:\\\/\\\/www.pawbol.pl\\\/en\\\/?s={search_term_string}\"},\"query-input\":{\"@type\":\"PropertyValueSpecification\",\"valueRequired\":true,\"valueName\":\"search_term_string\"}}],\"inLanguage\":\"en-US\"}]}<\/script>\n<!-- \/ Yoast SEO plugin. -->","yoast_head_json":{"title":"News - Pawbol Sp. z o.o. - Producent Osprz\u0119tu Elektrotechnicznego","robots":{"index":"index","follow":"follow","max-snippet":"max-snippet:-1","max-image-preview":"max-image-preview:large","max-video-preview":"max-video-preview:-1"},"canonical":"https:\/\/www.pawbol.pl\/en\/news\/","og_locale":"en_US","og_type":"article","og_title":"News - Pawbol Sp. z o.o. - Producent Osprz\u0119tu Elektrotechnicznego","og_url":"https:\/\/www.pawbol.pl\/en\/news\/","og_site_name":"Pawbol Sp. z o.o. - Producent Osprz\u0119tu Elektrotechnicznego","article_modified_time":"2023-09-14T13:40:52+00:00","twitter_card":"summary_large_image","twitter_misc":{"Est. reading time":"5 minutes"},"schema":{"@context":"https:\/\/schema.org","@graph":[{"@type":"WebPage","@id":"https:\/\/www.pawbol.pl\/en\/news\/","url":"https:\/\/www.pawbol.pl\/en\/news\/","name":"News - Pawbol Sp. z o.o. - Producent Osprz\u0119tu Elektrotechnicznego","isPartOf":{"@id":"https:\/\/www.pawbol.pl\/en\/#website"},"datePublished":"2023-05-08T03:18:38+00:00","dateModified":"2023-09-14T13:40:52+00:00","breadcrumb":{"@id":"https:\/\/www.pawbol.pl\/en\/news\/#breadcrumb"},"inLanguage":"en-US","potentialAction":[{"@type":"ReadAction","target":["https:\/\/www.pawbol.pl\/en\/news\/"]}]},{"@type":"BreadcrumbList","@id":"https:\/\/www.pawbol.pl\/en\/news\/#breadcrumb","itemListElement":[{"@type":"ListItem","position":1,"name":"Home","item":"https:\/\/www.pawbol.pl\/en\/"},{"@type":"ListItem","position":2,"name":"News"}]},{"@type":"WebSite","@id":"https:\/\/www.pawbol.pl\/en\/#website","url":"https:\/\/www.pawbol.pl\/en\/","name":"Pawbol Sp. z o.o. - Producent Osprz\u0119tu Elektrotechnicznego","description":"Pawbol Sp. z o.o. to uznany producent osprz\u0119tu elektrotechnicznego. Puszki instalacyjne, osprz\u0119t si\u0142owy, obudowy i skrzynki rozdzielcze, osprz\u0119t o\u015bwietleniowy, listwy zaciskowe, gniazda i wtyczki telefoniczne, rury, kana\u0142y, z\u0142\u0105czki, kana\u0142y i listwy przypod\u0142ogowe, uchwyty i ta\u015bmy kablowe, instalacja odgromowa - to nasza specjalno\u015b\u0107!","potentialAction":[{"@type":"SearchAction","target":{"@type":"EntryPoint","urlTemplate":"https:\/\/www.pawbol.pl\/en\/?s={search_term_string}"},"query-input":{"@type":"PropertyValueSpecification","valueRequired":true,"valueName":"search_term_string"}}],"inLanguage":"en-US"}]}},"_links":{"self":[{"href":"https:\/\/www.pawbol.pl\/en\/wp-json\/wp\/v2\/pages\/4509","targetHints":{"allow":["GET"]}}],"collection":[{"href":"https:\/\/www.pawbol.pl\/en\/wp-json\/wp\/v2\/pages"}],"about":[{"href":"https:\/\/www.pawbol.pl\/en\/wp-json\/wp\/v2\/types\/page"}],"author":[{"embeddable":true,"href":"https:\/\/www.pawbol.pl\/en\/wp-json\/wp\/v2\/users\/1"}],"replies":[{"embeddable":true,"href":"https:\/\/www.pawbol.pl\/en\/wp-json\/wp\/v2\/comments?post=4509"}],"version-history":[{"count":1,"href":"https:\/\/www.pawbol.pl\/en\/wp-json\/wp\/v2\/pages\/4509\/revisions"}],"predecessor-version":[{"id":4510,"href":"https:\/\/www.pawbol.pl\/en\/wp-json\/wp\/v2\/pages\/4509\/revisions\/4510"}],"wp:attachment":[{"href":"https:\/\/www.pawbol.pl\/en\/wp-json\/wp\/v2\/media?parent=4509"}],"curies":[{"name":"wp","href":"https:\/\/api.w.org\/{rel}","templated":true}]}}