{"id":4514,"date":"2023-05-17T11:46:40","date_gmt":"2023-05-17T09:46:40","guid":{"rendered":"https:\/\/www.pawbol.pl\/cookies-policy\/"},"modified":"2023-09-14T15:46:18","modified_gmt":"2023-09-14T13:46:18","slug":"cookies-policy","status":"publish","type":"page","link":"https:\/\/www.pawbol.pl\/en\/cookies-policy\/","title":{"rendered":"Cookies policy"},"content":{"rendered":"<ol>\n<li>The <strong>pawbol.pl<\/strong> website uses cookies, i.e. text files saved on the user&#8217;s computer, identifying it in a way necessary to enable certain operations. Cookies are used, among other things, to remember the user&#8217;s login data. The condition for cookies to work is that they are accepted by the browser and that they are not deleted from the disk.<\/li>\n<li>The website uses &#8220;session&#8221; cookies (saved until you leave the website or close the browser) and &#8220;persistent&#8221; cookies (saved on your computer for a specified period of time).<\/li>\n<li>Website users can change the settings in this regard. The web browser allows you to delete and block files. Detailed information on this subject is included in the help or documentation of the web browser used by the user.<\/li>\n<li>Disabling cookies will most often limit or block some website functionalities.<\/li>\n<li>The <strong>pawbol<\/strong><strong>.pl<\/strong> website uses third-party cookies &#8211; Google Analytics &#8211; more information can be found at: <a href=\"http:\/\/google. com\/analytics\/learn\/privacy.html\">google.com\/analytics\/learn\/privacy.html<\/a><\/li>\n<li>Cookies used on the <strong>pawbol<\/strong><strong>.pl<\/strong> websites do not store personal data.<\/li>\n<\/ol>\n","protected":false},"excerpt":{"rendered":"<p>The pawbol.pl website uses cookies, i.e. text files saved on [&hellip;]<\/p>\n","protected":false},"author":1,"featured_media":0,"parent":0,"menu_order":0,"comment_status":"closed","ping_status":"closed","template":"","meta":{"_acf_changed":false,"footnotes":""},"class_list":["post-4514","page","type-page","status-publish","hentry"],"acf":[],"yoast_head":"<!-- This site is optimized with the Yoast SEO plugin v27.6 - https:\/\/yoast.com\/product\/yoast-seo-wordpress\/ -->\n<title>Cookies policy - Pawbol Sp. z o.o. - Producent Osprz\u0119tu Elektrotechnicznego<\/title>\n<meta name=\"robots\" content=\"index, follow, max-snippet:-1, max-image-preview:large, max-video-preview:-1\" \/>\n<link rel=\"canonical\" href=\"https:\/\/www.pawbol.pl\/en\/cookies-policy\/\" \/>\n<meta property=\"og:locale\" content=\"en_US\" \/>\n<meta property=\"og:type\" content=\"article\" \/>\n<meta property=\"og:title\" content=\"Cookies policy - Pawbol Sp. z o.o. - Producent Osprz\u0119tu Elektrotechnicznego\" \/>\n<meta property=\"og:description\" content=\"The pawbol.pl website uses cookies, i.e. text files saved on [&hellip;]\" \/>\n<meta property=\"og:url\" content=\"https:\/\/www.pawbol.pl\/en\/cookies-policy\/\" \/>\n<meta property=\"og:site_name\" content=\"Pawbol Sp. z o.o. - Producent Osprz\u0119tu Elektrotechnicznego\" \/>\n<meta property=\"article:modified_time\" content=\"2023-09-14T13:46:18+00:00\" \/>\n<meta name=\"twitter:card\" content=\"summary_large_image\" \/>\n<meta name=\"twitter:label1\" content=\"Est. reading time\" \/>\n\t<meta name=\"twitter:data1\" content=\"1 minute\" \/>\n<script type=\"application\/ld+json\" class=\"yoast-schema-graph\">{\"@context\":\"https:\\\/\\\/schema.org\",\"@graph\":[{\"@type\":\"WebPage\",\"@id\":\"https:\\\/\\\/www.pawbol.pl\\\/en\\\/cookies-policy\\\/\",\"url\":\"https:\\\/\\\/www.pawbol.pl\\\/en\\\/cookies-policy\\\/\",\"name\":\"Cookies policy - Pawbol Sp. z o.o. - Producent Osprz\u0119tu Elektrotechnicznego\",\"isPartOf\":{\"@id\":\"https:\\\/\\\/www.pawbol.pl\\\/en\\\/#website\"},\"datePublished\":\"2023-05-17T09:46:40+00:00\",\"dateModified\":\"2023-09-14T13:46:18+00:00\",\"breadcrumb\":{\"@id\":\"https:\\\/\\\/www.pawbol.pl\\\/en\\\/cookies-policy\\\/#breadcrumb\"},\"inLanguage\":\"en-US\",\"potentialAction\":[{\"@type\":\"ReadAction\",\"target\":[\"https:\\\/\\\/www.pawbol.pl\\\/en\\\/cookies-policy\\\/\"]}]},{\"@type\":\"BreadcrumbList\",\"@id\":\"https:\\\/\\\/www.pawbol.pl\\\/en\\\/cookies-policy\\\/#breadcrumb\",\"itemListElement\":[{\"@type\":\"ListItem\",\"position\":1,\"name\":\"Home\",\"item\":\"https:\\\/\\\/www.pawbol.pl\\\/en\\\/\"},{\"@type\":\"ListItem\",\"position\":2,\"name\":\"Cookies policy\"}]},{\"@type\":\"WebSite\",\"@id\":\"https:\\\/\\\/www.pawbol.pl\\\/en\\\/#website\",\"url\":\"https:\\\/\\\/www.pawbol.pl\\\/en\\\/\",\"name\":\"Pawbol Sp. z o.o. - Producent Osprz\u0119tu Elektrotechnicznego\",\"description\":\"Pawbol Sp. z o.o. to uznany producent osprz\u0119tu elektrotechnicznego. Puszki instalacyjne, osprz\u0119t si\u0142owy, obudowy i skrzynki rozdzielcze, osprz\u0119t o\u015bwietleniowy, listwy zaciskowe, gniazda i wtyczki telefoniczne, rury, kana\u0142y, z\u0142\u0105czki, kana\u0142y i listwy przypod\u0142ogowe, uchwyty i ta\u015bmy kablowe, instalacja odgromowa - to nasza specjalno\u015b\u0107!\",\"potentialAction\":[{\"@type\":\"SearchAction\",\"target\":{\"@type\":\"EntryPoint\",\"urlTemplate\":\"https:\\\/\\\/www.pawbol.pl\\\/en\\\/?s={search_term_string}\"},\"query-input\":{\"@type\":\"PropertyValueSpecification\",\"valueRequired\":true,\"valueName\":\"search_term_string\"}}],\"inLanguage\":\"en-US\"}]}<\/script>\n<!-- \/ Yoast SEO plugin. -->","yoast_head_json":{"title":"Cookies policy - Pawbol Sp. z o.o. - Producent Osprz\u0119tu Elektrotechnicznego","robots":{"index":"index","follow":"follow","max-snippet":"max-snippet:-1","max-image-preview":"max-image-preview:large","max-video-preview":"max-video-preview:-1"},"canonical":"https:\/\/www.pawbol.pl\/en\/cookies-policy\/","og_locale":"en_US","og_type":"article","og_title":"Cookies policy - Pawbol Sp. z o.o. - Producent Osprz\u0119tu Elektrotechnicznego","og_description":"The pawbol.pl website uses cookies, i.e. text files saved on [&hellip;]","og_url":"https:\/\/www.pawbol.pl\/en\/cookies-policy\/","og_site_name":"Pawbol Sp. z o.o. - Producent Osprz\u0119tu Elektrotechnicznego","article_modified_time":"2023-09-14T13:46:18+00:00","twitter_card":"summary_large_image","twitter_misc":{"Est. reading time":"1 minute"},"schema":{"@context":"https:\/\/schema.org","@graph":[{"@type":"WebPage","@id":"https:\/\/www.pawbol.pl\/en\/cookies-policy\/","url":"https:\/\/www.pawbol.pl\/en\/cookies-policy\/","name":"Cookies policy - Pawbol Sp. z o.o. - Producent Osprz\u0119tu Elektrotechnicznego","isPartOf":{"@id":"https:\/\/www.pawbol.pl\/en\/#website"},"datePublished":"2023-05-17T09:46:40+00:00","dateModified":"2023-09-14T13:46:18+00:00","breadcrumb":{"@id":"https:\/\/www.pawbol.pl\/en\/cookies-policy\/#breadcrumb"},"inLanguage":"en-US","potentialAction":[{"@type":"ReadAction","target":["https:\/\/www.pawbol.pl\/en\/cookies-policy\/"]}]},{"@type":"BreadcrumbList","@id":"https:\/\/www.pawbol.pl\/en\/cookies-policy\/#breadcrumb","itemListElement":[{"@type":"ListItem","position":1,"name":"Home","item":"https:\/\/www.pawbol.pl\/en\/"},{"@type":"ListItem","position":2,"name":"Cookies policy"}]},{"@type":"WebSite","@id":"https:\/\/www.pawbol.pl\/en\/#website","url":"https:\/\/www.pawbol.pl\/en\/","name":"Pawbol Sp. z o.o. - Producent Osprz\u0119tu Elektrotechnicznego","description":"Pawbol Sp. z o.o. to uznany producent osprz\u0119tu elektrotechnicznego. Puszki instalacyjne, osprz\u0119t si\u0142owy, obudowy i skrzynki rozdzielcze, osprz\u0119t o\u015bwietleniowy, listwy zaciskowe, gniazda i wtyczki telefoniczne, rury, kana\u0142y, z\u0142\u0105czki, kana\u0142y i listwy przypod\u0142ogowe, uchwyty i ta\u015bmy kablowe, instalacja odgromowa - to nasza specjalno\u015b\u0107!","potentialAction":[{"@type":"SearchAction","target":{"@type":"EntryPoint","urlTemplate":"https:\/\/www.pawbol.pl\/en\/?s={search_term_string}"},"query-input":{"@type":"PropertyValueSpecification","valueRequired":true,"valueName":"search_term_string"}}],"inLanguage":"en-US"}]}},"_links":{"self":[{"href":"https:\/\/www.pawbol.pl\/en\/wp-json\/wp\/v2\/pages\/4514","targetHints":{"allow":["GET"]}}],"collection":[{"href":"https:\/\/www.pawbol.pl\/en\/wp-json\/wp\/v2\/pages"}],"about":[{"href":"https:\/\/www.pawbol.pl\/en\/wp-json\/wp\/v2\/types\/page"}],"author":[{"embeddable":true,"href":"https:\/\/www.pawbol.pl\/en\/wp-json\/wp\/v2\/users\/1"}],"replies":[{"embeddable":true,"href":"https:\/\/www.pawbol.pl\/en\/wp-json\/wp\/v2\/comments?post=4514"}],"version-history":[{"count":1,"href":"https:\/\/www.pawbol.pl\/en\/wp-json\/wp\/v2\/pages\/4514\/revisions"}],"predecessor-version":[{"id":4515,"href":"https:\/\/www.pawbol.pl\/en\/wp-json\/wp\/v2\/pages\/4514\/revisions\/4515"}],"wp:attachment":[{"href":"https:\/\/www.pawbol.pl\/en\/wp-json\/wp\/v2\/media?parent=4514"}],"curies":[{"name":"wp","href":"https:\/\/api.w.org\/{rel}","templated":true}]}}