{"id":4559,"date":"2023-05-17T12:02:27","date_gmt":"2023-05-17T10:02:27","guid":{"rendered":"https:\/\/www.pawbol.pl\/about-us\/waste-management-costs\/"},"modified":"2023-09-15T15:01:02","modified_gmt":"2023-09-15T13:01:02","slug":"waste-management-costs","status":"publish","type":"page","link":"https:\/\/www.pawbol.pl\/en\/about-us\/waste-management-costs\/","title":{"rendered":"Waste Management Costs"},"content":{"rendered":"<div class=\"fusion-fullwidth fullwidth-box fusion-builder-row-1 fusion-flex-container has-pattern-background has-mask-background nonhundred-percent-fullwidth non-hundred-percent-height-scrolling\" style=\"--awb-border-radius-top-left:0px;--awb-border-radius-top-right:0px;--awb-border-radius-bottom-right:0px;--awb-border-radius-bottom-left:0px;\" ><div class=\"fusion-builder-row fusion-row fusion-flex-align-items-flex-start\" style=\"max-width:calc( 1200px + 0px );margin-left: calc(-0px \/ 2 );margin-right: calc(-0px \/ 2 );\"><div class=\"fusion-layout-column fusion_builder_column fusion-builder-column-0 fusion_builder_column_1_1 1_1 fusion-flex-column\" style=\"--awb-bg-size:cover;--awb-width-large:100%;--awb-margin-top-large:0px;--awb-spacing-right-large:0;--awb-margin-bottom-large:20px;--awb-spacing-left-large:0;--awb-width-medium:100%;--awb-order-medium:0;--awb-spacing-right-medium:0;--awb-spacing-left-medium:0;--awb-width-small:100%;--awb-order-small:0;--awb-spacing-right-small:0;--awb-spacing-left-small:0;\"><div class=\"fusion-column-wrapper fusion-column-has-shadow fusion-flex-justify-content-flex-start fusion-content-layout-column\"><div class=\"fusion-text fusion-text-1\"><p>Information for customers of Pawbol S.A. regarding the rates of waste management costs (KGO), which are a component of the price of equipment included in the commercial offer, intended for households, calculated on the basis of the weight of the equipment put on sale.<\/p>\n<p>Base:<\/p>\n<p>Act of September 11, 2015 on waste electrical and electronic equipment (Journal of Laws of 2015, item 1688).<br \/>\nPawbol Sp. z o. o. is entered in the register of the Chief Inspectorate of Environmental Protection (GIEP) under the number<strong>E0007897WBW<\/strong><strong>,<\/strong><strong>and<\/strong> has an Agreement concluded with the Recovery Organization AURAEKO Agencja Odzysku Sprztu Elektrycznych S.A. in Warsaw and AURAEKO Baterpak Agencja Odzysku Opakowania S.A., which took over the obligations arising from the above-mentioned act from the company.<\/p>\n<p>Waste management costs include the costs of collection, processing, recycling, or recovery and disposal processes other than recycling of waste electrical and electronic equipment.<\/p>\n<p>Unit KGO rates for electrical and electronic equipment will not be included in VAT invoices, but are included in the annex to this letter and will be updated on an ongoing basis, according to changes in the commercial offer. An always up-to-date list will be published, among others: on the website at <strong>www.pawbol.pl\/kgo<\/strong>.<\/p>\n<p>(Download the current list of KGO rates for products from the Pawbol S.A. offer) &#8211;<a href=\"https:\/\/www.pawbol.pl\/wp-content\/uploads\/2023\/06\/AktualnestawkiKGOPawbolSpzoo.pdf\"> printable version<\/a ><\/p>\n<\/div><div class=\"fusion-image-element \" style=\"text-align:center;--awb-caption-title-font-family:var(--h2_typography-font-family);--awb-caption-title-font-weight:var(--h2_typography-font-weight);--awb-caption-title-font-style:var(--h2_typography-font-style);--awb-caption-title-size:var(--h2_typography-font-size);--awb-caption-title-transform:var(--h2_typography-text-transform);--awb-caption-title-line-height:var(--h2_typography-line-height);--awb-caption-title-letter-spacing:var(--h2_typography-letter-spacing);\"><span class=\" fusion-imageframe imageframe-none imageframe-1 hover-type-none\" class=\"image-scroll\"><a class=\"fusion-no-lightbox\" href=\"https:\/\/www.pawbol.pl\/wp-content\/uploads\/2023\/06\/AktualnestawkiKGOPawbolSpzoo.pdf\" target=\"_blank\" aria-label=\"AktualnestawkiKGOPawbolSA\" rel=\"noopener noreferrer\"><img loading=\"lazy\" decoding=\"async\" width=\"794\" height=\"1123\" src=\"https:\/\/www.pawbol.pl\/wp-content\/uploads\/2023\/06\/AktualnestawkiKGOPawbolSA.jpg\" alt class=\"img-responsive wp-image-4037\" srcset=\"https:\/\/www.pawbol.pl\/wp-content\/uploads\/2023\/06\/AktualnestawkiKGOPawbolSA-200x283.jpg 200w, https:\/\/www.pawbol.pl\/wp-content\/uploads\/2023\/06\/AktualnestawkiKGOPawbolSA-400x566.jpg 400w, https:\/\/www.pawbol.pl\/wp-content\/uploads\/2023\/06\/AktualnestawkiKGOPawbolSA-600x849.jpg 600w, https:\/\/www.pawbol.pl\/wp-content\/uploads\/2023\/06\/AktualnestawkiKGOPawbolSA.jpg 794w\" sizes=\"auto, (max-width: 640px) 100vw, 794px\" \/><\/a><\/span><\/div><\/div><\/div><\/div><\/div>\n","protected":false},"excerpt":{"rendered":"","protected":false},"author":1,"featured_media":0,"parent":4517,"menu_order":0,"comment_status":"closed","ping_status":"closed","template":"","meta":{"_acf_changed":false,"footnotes":""},"class_list":["post-4559","page","type-page","status-publish","hentry"],"acf":[],"yoast_head":"<!-- This site is optimized with the Yoast SEO plugin v27.6 - https:\/\/yoast.com\/product\/yoast-seo-wordpress\/ -->\n<title>Waste Management Costs - Pawbol Sp. z o.o. - Producent Osprz\u0119tu Elektrotechnicznego<\/title>\n<meta name=\"robots\" content=\"index, follow, max-snippet:-1, max-image-preview:large, max-video-preview:-1\" \/>\n<link rel=\"canonical\" href=\"https:\/\/www.pawbol.pl\/en\/about-us\/waste-management-costs\/\" \/>\n<meta property=\"og:locale\" content=\"en_US\" \/>\n<meta property=\"og:type\" content=\"article\" \/>\n<meta property=\"og:title\" content=\"Waste Management Costs - Pawbol Sp. z o.o. - Producent Osprz\u0119tu Elektrotechnicznego\" \/>\n<meta property=\"og:url\" content=\"https:\/\/www.pawbol.pl\/en\/about-us\/waste-management-costs\/\" \/>\n<meta property=\"og:site_name\" content=\"Pawbol Sp. z o.o. - Producent Osprz\u0119tu Elektrotechnicznego\" \/>\n<meta property=\"article:modified_time\" content=\"2023-09-15T13:01:02+00:00\" \/>\n<meta name=\"twitter:card\" content=\"summary_large_image\" \/>\n<meta name=\"twitter:label1\" content=\"Est. reading time\" \/>\n\t<meta name=\"twitter:data1\" content=\"7 minutes\" \/>\n<script type=\"application\/ld+json\" class=\"yoast-schema-graph\">{\"@context\":\"https:\\\/\\\/schema.org\",\"@graph\":[{\"@type\":\"WebPage\",\"@id\":\"https:\\\/\\\/www.pawbol.pl\\\/en\\\/about-us\\\/waste-management-costs\\\/\",\"url\":\"https:\\\/\\\/www.pawbol.pl\\\/en\\\/about-us\\\/waste-management-costs\\\/\",\"name\":\"Waste Management Costs - Pawbol Sp. z o.o. - Producent Osprz\u0119tu Elektrotechnicznego\",\"isPartOf\":{\"@id\":\"https:\\\/\\\/www.pawbol.pl\\\/en\\\/#website\"},\"datePublished\":\"2023-05-17T10:02:27+00:00\",\"dateModified\":\"2023-09-15T13:01:02+00:00\",\"breadcrumb\":{\"@id\":\"https:\\\/\\\/www.pawbol.pl\\\/en\\\/about-us\\\/waste-management-costs\\\/#breadcrumb\"},\"inLanguage\":\"en-US\",\"potentialAction\":[{\"@type\":\"ReadAction\",\"target\":[\"https:\\\/\\\/www.pawbol.pl\\\/en\\\/about-us\\\/waste-management-costs\\\/\"]}]},{\"@type\":\"BreadcrumbList\",\"@id\":\"https:\\\/\\\/www.pawbol.pl\\\/en\\\/about-us\\\/waste-management-costs\\\/#breadcrumb\",\"itemListElement\":[{\"@type\":\"ListItem\",\"position\":1,\"name\":\"Home\",\"item\":\"https:\\\/\\\/www.pawbol.pl\\\/en\\\/\"},{\"@type\":\"ListItem\",\"position\":2,\"name\":\"About us\",\"item\":\"https:\\\/\\\/www.pawbol.pl\\\/en\\\/about-us\\\/\"},{\"@type\":\"ListItem\",\"position\":3,\"name\":\"Waste Management Costs\"}]},{\"@type\":\"WebSite\",\"@id\":\"https:\\\/\\\/www.pawbol.pl\\\/en\\\/#website\",\"url\":\"https:\\\/\\\/www.pawbol.pl\\\/en\\\/\",\"name\":\"Pawbol Sp. z o.o. - Producent Osprz\u0119tu Elektrotechnicznego\",\"description\":\"Pawbol Sp. z o.o. to uznany producent osprz\u0119tu elektrotechnicznego. Puszki instalacyjne, osprz\u0119t si\u0142owy, obudowy i skrzynki rozdzielcze, osprz\u0119t o\u015bwietleniowy, listwy zaciskowe, gniazda i wtyczki telefoniczne, rury, kana\u0142y, z\u0142\u0105czki, kana\u0142y i listwy przypod\u0142ogowe, uchwyty i ta\u015bmy kablowe, instalacja odgromowa - to nasza specjalno\u015b\u0107!\",\"potentialAction\":[{\"@type\":\"SearchAction\",\"target\":{\"@type\":\"EntryPoint\",\"urlTemplate\":\"https:\\\/\\\/www.pawbol.pl\\\/en\\\/?s={search_term_string}\"},\"query-input\":{\"@type\":\"PropertyValueSpecification\",\"valueRequired\":true,\"valueName\":\"search_term_string\"}}],\"inLanguage\":\"en-US\"}]}<\/script>\n<!-- \/ Yoast SEO plugin. -->","yoast_head_json":{"title":"Waste Management Costs - Pawbol Sp. z o.o. - Producent Osprz\u0119tu Elektrotechnicznego","robots":{"index":"index","follow":"follow","max-snippet":"max-snippet:-1","max-image-preview":"max-image-preview:large","max-video-preview":"max-video-preview:-1"},"canonical":"https:\/\/www.pawbol.pl\/en\/about-us\/waste-management-costs\/","og_locale":"en_US","og_type":"article","og_title":"Waste Management Costs - Pawbol Sp. z o.o. - Producent Osprz\u0119tu Elektrotechnicznego","og_url":"https:\/\/www.pawbol.pl\/en\/about-us\/waste-management-costs\/","og_site_name":"Pawbol Sp. z o.o. - Producent Osprz\u0119tu Elektrotechnicznego","article_modified_time":"2023-09-15T13:01:02+00:00","twitter_card":"summary_large_image","twitter_misc":{"Est. reading time":"7 minutes"},"schema":{"@context":"https:\/\/schema.org","@graph":[{"@type":"WebPage","@id":"https:\/\/www.pawbol.pl\/en\/about-us\/waste-management-costs\/","url":"https:\/\/www.pawbol.pl\/en\/about-us\/waste-management-costs\/","name":"Waste Management Costs - Pawbol Sp. z o.o. - Producent Osprz\u0119tu Elektrotechnicznego","isPartOf":{"@id":"https:\/\/www.pawbol.pl\/en\/#website"},"datePublished":"2023-05-17T10:02:27+00:00","dateModified":"2023-09-15T13:01:02+00:00","breadcrumb":{"@id":"https:\/\/www.pawbol.pl\/en\/about-us\/waste-management-costs\/#breadcrumb"},"inLanguage":"en-US","potentialAction":[{"@type":"ReadAction","target":["https:\/\/www.pawbol.pl\/en\/about-us\/waste-management-costs\/"]}]},{"@type":"BreadcrumbList","@id":"https:\/\/www.pawbol.pl\/en\/about-us\/waste-management-costs\/#breadcrumb","itemListElement":[{"@type":"ListItem","position":1,"name":"Home","item":"https:\/\/www.pawbol.pl\/en\/"},{"@type":"ListItem","position":2,"name":"About us","item":"https:\/\/www.pawbol.pl\/en\/about-us\/"},{"@type":"ListItem","position":3,"name":"Waste Management Costs"}]},{"@type":"WebSite","@id":"https:\/\/www.pawbol.pl\/en\/#website","url":"https:\/\/www.pawbol.pl\/en\/","name":"Pawbol Sp. z o.o. - Producent Osprz\u0119tu Elektrotechnicznego","description":"Pawbol Sp. z o.o. to uznany producent osprz\u0119tu elektrotechnicznego. Puszki instalacyjne, osprz\u0119t si\u0142owy, obudowy i skrzynki rozdzielcze, osprz\u0119t o\u015bwietleniowy, listwy zaciskowe, gniazda i wtyczki telefoniczne, rury, kana\u0142y, z\u0142\u0105czki, kana\u0142y i listwy przypod\u0142ogowe, uchwyty i ta\u015bmy kablowe, instalacja odgromowa - to nasza specjalno\u015b\u0107!","potentialAction":[{"@type":"SearchAction","target":{"@type":"EntryPoint","urlTemplate":"https:\/\/www.pawbol.pl\/en\/?s={search_term_string}"},"query-input":{"@type":"PropertyValueSpecification","valueRequired":true,"valueName":"search_term_string"}}],"inLanguage":"en-US"}]}},"_links":{"self":[{"href":"https:\/\/www.pawbol.pl\/en\/wp-json\/wp\/v2\/pages\/4559","targetHints":{"allow":["GET"]}}],"collection":[{"href":"https:\/\/www.pawbol.pl\/en\/wp-json\/wp\/v2\/pages"}],"about":[{"href":"https:\/\/www.pawbol.pl\/en\/wp-json\/wp\/v2\/types\/page"}],"author":[{"embeddable":true,"href":"https:\/\/www.pawbol.pl\/en\/wp-json\/wp\/v2\/users\/1"}],"replies":[{"embeddable":true,"href":"https:\/\/www.pawbol.pl\/en\/wp-json\/wp\/v2\/comments?post=4559"}],"version-history":[{"count":2,"href":"https:\/\/www.pawbol.pl\/en\/wp-json\/wp\/v2\/pages\/4559\/revisions"}],"predecessor-version":[{"id":4561,"href":"https:\/\/www.pawbol.pl\/en\/wp-json\/wp\/v2\/pages\/4559\/revisions\/4561"}],"up":[{"embeddable":true,"href":"https:\/\/www.pawbol.pl\/en\/wp-json\/wp\/v2\/pages\/4517"}],"wp:attachment":[{"href":"https:\/\/www.pawbol.pl\/en\/wp-json\/wp\/v2\/media?parent=4559"}],"curies":[{"name":"wp","href":"https:\/\/api.w.org\/{rel}","templated":true}]}}