{"id":4585,"date":"2023-05-17T12:04:25","date_gmt":"2023-05-17T10:04:25","guid":{"rendered":"https:\/\/www.pawbol.pl\/customer-zone\/for-designers\/"},"modified":"2026-04-20T11:13:31","modified_gmt":"2026-04-20T09:13:31","slug":"for-designers","status":"publish","type":"page","link":"https:\/\/www.pawbol.pl\/en\/customer-zone\/for-designers\/","title":{"rendered":"For designers"},"content":{"rendered":"<div class=\"fusion-fullwidth fullwidth-box fusion-builder-row-1 fusion-flex-container has-pattern-background has-mask-background nonhundred-percent-fullwidth non-hundred-percent-height-scrolling\" style=\"--link_color: var(--awb-color5);--awb-border-radius-top-left:0px;--awb-border-radius-top-right:0px;--awb-border-radius-bottom-right:0px;--awb-border-radius-bottom-left:0px;\" ><div class=\"fusion-builder-row fusion-row fusion-flex-align-items-flex-start\" style=\"max-width:calc( 1200px + 0px );margin-left: calc(-0px \/ 2 );margin-right: calc(-0px \/ 2 );\"><div class=\"fusion-layout-column fusion_builder_column fusion-builder-column-0 fusion_builder_column_1_1 1_1 fusion-flex-column\" style=\"--awb-bg-size:cover;--awb-width-large:100%;--awb-margin-top-large:0px;--awb-spacing-right-large:0;--awb-margin-bottom-large:20px;--awb-spacing-left-large:0;--awb-width-medium:100%;--awb-order-medium:0;--awb-spacing-right-medium:0;--awb-spacing-left-medium:0;--awb-width-small:100%;--awb-order-small:0;--awb-spacing-right-small:0;--awb-spacing-left-small:0;\"><div class=\"fusion-column-wrapper fusion-column-has-shadow fusion-flex-justify-content-flex-start fusion-content-layout-column\"><div class=\"fusion-title title fusion-title-1 fusion-sep-none fusion-title-center fusion-title-text fusion-title-size-three\" style=\"--awb-text-color:var(--awb-color5);\"><h3 class=\"title-heading-center\" style=\"margin:0;\">Drawing lists<\/h3><\/div><div class=\"fusion-text fusion-text-1\"><ul>\n<li>List of drawings of switchboards and sockets: <a href=\"https:\/\/www.pawbol.pl\/wp-content\/uploads\/2023\/06\/dwg\/PAWBOL_zestawienie_rysunkow_rozdzielnic_i_gniazd.dwg\" target=\"_blank\" rel=\"noopener\">DWG<\/a> | <a href=\"https:\/\/www.pawbol.pl\/wp-content\/uploads\/2026\/02\/Zestawienie-rysunkow-rozdzielnic-i-gniazd.zip\" target=\"_blank\" rel=\"noopener\">ZIP<\/a><\/li>\n<li>Panel sockets and plugs 16A: <a href=\"https:\/\/www.pawbol.pl\/wp-content\/uploads\/2026\/04\/Gniazda-i-wtyki-tablicowe-16A.dwg\" target=\"_blank\" rel=\"noopener\">DWG<\/a> | <a href=\"https:\/\/www.pawbol.pl\/wp-content\/uploads\/2026\/04\/Gniazda-i-wtyki-tablicowe-16A.zip\" target=\"_blank\" rel=\"noopener\">ZIP<\/a><\/li>\n<li>Panel sockets and plugs\u00a032A: <a href=\"https:\/\/www.pawbol.pl\/wp-content\/uploads\/2026\/04\/Gniazda-i-wtyki-tablicowe-32A.dwg\" target=\"_blank\" rel=\"noopener\">DWG<\/a> | <a href=\"https:\/\/www.pawbol.pl\/wp-content\/uploads\/2026\/04\/Gniazda-i-wtyki-tablicowe-32A.zip\" target=\"_blank\" rel=\"noopener\">ZIP<\/a><\/li>\n<li>Panel socket 63A: <a href=\"https:\/\/www.pawbol.pl\/wp-content\/uploads\/2026\/04\/Gniazdo-tablicowe-63A.dwg\" target=\"_blank\" rel=\"noopener\">DWG<\/a> | <a href=\"https:\/\/www.pawbol.pl\/wp-content\/uploads\/2026\/04\/Gniazdo-tablicowe-63A.zip\" target=\"_blank\" rel=\"noopener\">ZIP<\/a><\/li>\n<\/ul>\n<\/div><div class=\"fusion-title title fusion-title-2 fusion-sep-none fusion-title-center fusion-title-text fusion-title-size-three\" style=\"--awb-text-color:var(--awb-color5);\"><h3 class=\"title-heading-center\" style=\"margin:0;\">Switchboards<\/h3><\/div><div class=\"fusion-text fusion-text-2\"><ul>\n<li>R-BOX 150 &#8211; <a href=\"https:\/\/www.pawbol.pl\/wp-content\/uploads\/2023\/06\/dwg\/PAWBOLR-BOX150.dwg\" target=\"_blank\" rel=\"noopener\">DWG<\/a> | <a href=\"https:\/\/www.pawbol.pl\/wp-content\/uploads\/2023\/06\/dwg\/PAWBOLR-BOX150.zip\" target=\"_blank\" rel=\"noopener\">ZIP<\/a><\/li>\n<li>R-BOX 190 &#8211; <a href=\"https:\/\/www.pawbol.pl\/wp-content\/uploads\/2023\/06\/dwg\/PAWBOLR-BOX190.dwg\" target=\"_blank\" rel=\"noopener\">DWG<\/a> | <a href=\"https:\/\/www.pawbol.pl\/wp-content\/uploads\/2023\/06\/dwg\/PAWBOLR-BOX190.zip\" target=\"_blank\" rel=\"noopener\">ZIP<\/a><\/li>\n<li>R-BOX 190 4S &#8211; <a href=\"https:\/\/www.pawbol.pl\/wp-content\/uploads\/2023\/06\/dwg\/PAWBOLR-BOX190-4S.dwg\" target=\"_blank\" rel=\"noopener\">DWG<\/a> | <a href=\"https:\/\/www.pawbol.pl\/wp-content\/uploads\/2023\/06\/dwg\/PAWBOLR-BOX190-4S.zip\" target=\"_blank\" rel=\"noopener\">ZIP<\/a><\/li>\n<li>R-BOX 240 &#8211; <a href=\"https:\/\/www.pawbol.pl\/wp-content\/uploads\/2023\/06\/dwg\/PAWBOLR-BOX240.dwg\" target=\"_blank\" rel=\"noopener\">DWG<\/a> | <a href=\"https:\/\/www.pawbol.pl\/wp-content\/uploads\/2023\/06\/dwg\/PAWBOLR-BOX240.zip\" target=\"_blank\" rel=\"noopener\">ZIP<\/a><\/li>\n<li>R-BOX 240 4S &#8211; <a href=\"https:\/\/www.pawbol.pl\/wp-content\/uploads\/2023\/06\/dwg\/PAWBOLR-BOX240-4S.dwg\" target=\"_blank\" rel=\"noopener\">DWG<\/a> | <a href=\"https:\/\/www.pawbol.pl\/wp-content\/uploads\/2023\/06\/dwg\/PAWBOLR-BOX240-4S.zip\" target=\"_blank\" rel=\"noopener\">ZIP<\/a><\/li>\n<li>R-BOX 240 8S &#8211; <a href=\"https:\/\/www.pawbol.pl\/wp-content\/uploads\/2023\/06\/dwg\/PAWBOLR-BOX240-8S.dwg\" target=\"_blank\" rel=\"noopener\">DWG<\/a> | <a href=\"https:\/\/www.pawbol.pl\/wp-content\/uploads\/2023\/06\/dwg\/PAWBOLR-BOX240-8S.zip\" target=\"_blank\" rel=\"noopener\">ZIP<\/a><\/li>\n<li>R-BOX 300 9S &#8211; <a href=\"https:\/\/www.pawbol.pl\/wp-content\/uploads\/2023\/06\/dwg\/PAWBOLR-BOX300R-9S.dwg\" target=\"_blank\" rel=\"noopener\">DWG<\/a> | <a href=\"https:\/\/www.pawbol.pl\/wp-content\/uploads\/2023\/06\/dwg\/PAWBOLR-BOX300R-9S.zip\" target=\"_blank\" rel=\"noopener\">ZIP<\/a><\/li>\n<li>R-BOX 382 11S &#8211; <a href=\"https:\/\/www.pawbol.pl\/wp-content\/uploads\/2023\/06\/dwg\/PAWBOLR-BOX382R-11S.dwg\" target=\"_blank\" rel=\"noopener\">DWG<\/a> | <a href=\"https:\/\/www.pawbol.pl\/wp-content\/uploads\/2023\/06\/dwg\/PAWBOLR-BOX382R-11S.zip\" target=\"_blank\" rel=\"noopener\">ZIP<\/a><\/li>\n<li>R-BOX 380 13S &#8211; <a href=\"https:\/\/www.pawbol.pl\/wp-content\/uploads\/2023\/06\/dwg\/PAWBOLR-BOX380R-13S.dwg\" target=\"_blank\" rel=\"noopener\">DWG<\/a> | <a href=\"https:\/\/www.pawbol.pl\/wp-content\/uploads\/2023\/06\/dwg\/PAWBOLR-BOX380R-13S.zip\" target=\"_blank\" rel=\"noopener\">ZIP<\/a><\/li>\n<li>R-BOX LUX 320 13S &#8211; <a href=\"https:\/\/www.pawbol.pl\/wp-content\/uploads\/2023\/06\/dwg\/PAWBOLR-BOXLUX320R.dwg\" target=\"_blank\" rel=\"noopener\">DWG<\/a> | <a href=\"https:\/\/www.pawbol.pl\/wp-content\/uploads\/2023\/06\/dwg\/PAWBOLR-BOXLUX320R.zip\" target=\"_blank\" rel=\"noopener\">ZIP<\/a><\/li>\n<li>R-BOX 460 17S &#8211; <a href=\"https:\/\/www.pawbol.pl\/wp-content\/uploads\/2023\/06\/dwg\/PAWBOLR-BOX460R-17S.dwg\" target=\"_blank\" rel=\"noopener\">DWG<\/a> | <a href=\"https:\/\/www.pawbol.pl\/wp-content\/uploads\/2023\/06\/dwg\/PAWBOLR-BOX460R-17S.zip\" target=\"_blank\" rel=\"noopener\">ZIP<\/a><\/li>\n<li>R-BOX 740 34S\u00a0&#8211; <a href=\"https:\/\/www.pawbol.pl\/wp-content\/uploads\/2026\/02\/PAWBOLR-BOX740-34S.dwg\" target=\"_blank\" rel=\"noopener\">DWG<\/a> | <a href=\"https:\/\/www.pawbol.pl\/wp-content\/uploads\/2026\/02\/PAWBOLR-BOX740-34S.zip\" target=\"_blank\" rel=\"noopener\">ZIP<\/a><\/li>\n<li>R-BOX SLIM &#8211; <a href=\"https:\/\/www.pawbol.pl\/wp-content\/uploads\/2023\/06\/dwg\/PAWBOLR-BOXSLIM.dwg\" target=\"_blank\" rel=\"noopener\">DWG<\/a> | <a href=\"https:\/\/www.pawbol.pl\/wp-content\/uploads\/2023\/06\/dwg\/PAWBOLR-BOXSLIM.zip\" target=\"_blank\" rel=\"noopener\">ZIP<\/a><\/li>\n<li>R-BOX SLIM 4S &#8211; <a href=\"https:\/\/www.pawbol.pl\/wp-content\/uploads\/2023\/06\/dwg\/PAWBOLR-BOXSLIM-4S.dwg\" target=\"_blank\" rel=\"noopener\">DWG<\/a> | <a href=\"https:\/\/www.pawbol.pl\/wp-content\/uploads\/2023\/06\/dwg\/PAWBOLR-BOXSLIM-4S.zip\" target=\"_blank\" rel=\"noopener\">ZIP<\/a><\/li>\n<li>R-BOX SLIM 6S &#8211; <a href=\"https:\/\/www.pawbol.pl\/wp-content\/uploads\/2023\/06\/dwg\/PAWBOLR-BOXSLIM6S.dwg\" target=\"_blank\" rel=\"noopener\">DWG<\/a> | <a href=\"https:\/\/www.pawbol.pl\/wp-content\/uploads\/2023\/06\/dwg\/PAWBOLR-BOXSLIM6S.zip\" target=\"_blank\" rel=\"noopener\">ZIP<\/a><\/li>\n<li>R-BOX SLIM 8S &#8211; <a href=\"https:\/\/www.pawbol.pl\/wp-content\/uploads\/2023\/06\/dwg\/PAWBOLR-BOXSLIM-8S.dwg\" target=\"_blank\" rel=\"noopener\">DWG<\/a> | <a href=\"https:\/\/www.pawbol.pl\/wp-content\/uploads\/2023\/06\/dwg\/PAWBOLR-BOXSLIM-8S.zip\" target=\"_blank\" rel=\"noopener\">ZIP<\/a><\/li>\n<li>R-BOX SLIM 10S &#8211; <a href=\"https:\/\/www.pawbol.pl\/wp-content\/uploads\/2023\/06\/dwg\/PAWBOLR-BOXSLIM10S.dwg\" target=\"_blank\" rel=\"noopener\">DWG<\/a> | <a href=\"https:\/\/www.pawbol.pl\/wp-content\/uploads\/2023\/06\/dwg\/PAWBOLR-BOXSLIM10S.zip\" target=\"_blank\" rel=\"noopener\">ZIP<\/a><\/li>\n<\/ul>\n<\/div><div class=\"fusion-title title fusion-title-3 fusion-sep-none fusion-title-center fusion-title-text fusion-title-size-three\" style=\"--awb-text-color:var(--awb-color5);\"><h3 class=\"title-heading-center\" style=\"margin:0;\">Installation box S-BOX series<\/h3><\/div><div class=\"fusion-text fusion-text-3\"><ul>\n<li>S-BOX 026, S-BOX 026O &#8211; <a href=\"https:\/\/www.pawbol.pl\/wp-content\/uploads\/2026\/02\/PAWBOL_S-BOX-026-S-BOX-026O-1.dwg\" target=\"_blank\" rel=\"noopener\">DWG<\/a> | <a href=\"https:\/\/www.pawbol.pl\/wp-content\/uploads\/2026\/02\/PAWBOL_S-BOX-026-S-BOX-026O.zip\" target=\"_blank\" rel=\"noopener\">ZIP<\/a><\/li>\n<li>S-BOX 036, S-BOX 036O &#8211; <a href=\"https:\/\/www.pawbol.pl\/wp-content\/uploads\/2026\/02\/PAWBOL_S-BOX-036-S-BOX-036O.dwg\" target=\"_blank\" rel=\"noopener\">DWG<\/a> | <a href=\"https:\/\/www.pawbol.pl\/wp-content\/uploads\/2026\/02\/PAWBOL_S-BOX-036-S-BOX-036O.zip\" target=\"_blank\" rel=\"noopener\">ZIP<\/a><\/li>\n<li>S-BOX 106, S-BOX 116 &#8211; <a href=\"https:\/\/www.pawbol.pl\/wp-content\/uploads\/2026\/02\/PAWBOL_S-BOX-106-S-BOX-116.dwg\" target=\"_blank\" rel=\"noopener\">DWG<\/a> | <a href=\"https:\/\/www.pawbol.pl\/wp-content\/uploads\/2026\/02\/PAWBOL_S-BOX-106-S-BOX-116.zip\" target=\"_blank\" rel=\"noopener\">ZIP<\/a><\/li>\n<li>S-BOX 206, S-BOX 216 &#8211; <a href=\"https:\/\/www.pawbol.pl\/wp-content\/uploads\/2026\/02\/PAWBOL_S-BOX-206-S-BOX-216.dwg\" target=\"_blank\" rel=\"noopener\">DWG<\/a> | <a href=\"https:\/\/www.pawbol.pl\/wp-content\/uploads\/2026\/02\/PAWBOL_S-BOX-206-S-BOX-216.zip\" target=\"_blank\" rel=\"noopener\">ZIP<\/a><\/li>\n<li>S-BOX 306, S-BOX 316 &#8211; <a href=\"https:\/\/www.pawbol.pl\/wp-content\/uploads\/2026\/02\/PAWBOL_S-BOX-306-S-BOX-316.dwg\" target=\"_blank\" rel=\"noopener\">DWG<\/a> | <a href=\"https:\/\/www.pawbol.pl\/wp-content\/uploads\/2026\/02\/PAWBOL_S-BOX-306-S-BOX-316.zip\" target=\"_blank\" rel=\"noopener\">ZIP<\/a><\/li>\n<li>S-BOX 306H, S-BOX 316H &#8211; <a href=\"https:\/\/www.pawbol.pl\/wp-content\/uploads\/2026\/02\/PAWBOL_S-BOX-306H-S-BOX-316H.dwg\" target=\"_blank\" rel=\"noopener\">DWG<\/a> | <a href=\"https:\/\/www.pawbol.pl\/wp-content\/uploads\/2026\/02\/PAWBOL_S-BOX-306H-S-BOX-316H.zip\" target=\"_blank\" rel=\"noopener\">ZIP<\/a><\/li>\n<li>S-BOX 406, S-BOX 416 &#8211; <a href=\"https:\/\/www.pawbol.pl\/wp-content\/uploads\/2026\/02\/PAWBOL_S-BOX-406-S-BOX-416.dwg\" target=\"_blank\" rel=\"noopener\">DWG<\/a> | <a href=\"https:\/\/www.pawbol.pl\/wp-content\/uploads\/2026\/02\/PAWBOL_S-BOX-406-S-BOX-416.zip\" target=\"_blank\" rel=\"noopener\">ZIP<\/a><\/li>\n<li>S-BOX 406H, S-BOX 416H &#8211; <a href=\"https:\/\/www.pawbol.pl\/wp-content\/uploads\/2026\/02\/PAWBOL_S-BOX-406H-S-BOX-416H-1.dwg\" target=\"_blank\" rel=\"noopener\">DWG<\/a> | <a href=\"https:\/\/www.pawbol.pl\/wp-content\/uploads\/2026\/02\/PAWBOL_S-BOX-406H-S-BOX-416H.zip\" target=\"_blank\" rel=\"noopener\">ZIP<\/a><\/li>\n<li>S-BOX 506, S-BOX 516 &#8211; <a href=\"https:\/\/www.pawbol.pl\/wp-content\/uploads\/2026\/02\/PAWBOL_S-BOX-506-S-BOX-516.dwg\" target=\"_blank\" rel=\"noopener\">DWG<\/a> | <a href=\"https:\/\/www.pawbol.pl\/wp-content\/uploads\/2026\/02\/PAWBOL_S-BOX-506-S-BOX-516.zip\" target=\"_blank\" rel=\"noopener\">ZIP<\/a><\/li>\n<li>S-BOX 606, S-BOX 616 &#8211; <a href=\"https:\/\/www.pawbol.pl\/wp-content\/uploads\/2026\/02\/PAWBOL_S-BOX-606-S-BOX-616.dwg\" target=\"_blank\" rel=\"noopener\">DWG<\/a> | <a href=\"https:\/\/www.pawbol.pl\/wp-content\/uploads\/2026\/02\/PAWBOL_S-BOX-606-S-BOX-616.zip\" target=\"_blank\" rel=\"noopener\">ZIP<\/a><\/li>\n<li>S-BOX 706, S-BOX 716 &#8211; <a href=\"https:\/\/www.pawbol.pl\/wp-content\/uploads\/2026\/02\/PAWBOL_S-BOX-706-S-BOX-716.dwg\" target=\"_blank\" rel=\"noopener\">DWG<\/a> | <a href=\"https:\/\/www.pawbol.pl\/wp-content\/uploads\/2026\/02\/PAWBOL_S-BOX-706-S-BOX-716.zip\" target=\"_blank\" rel=\"noopener\">ZIP<\/a><\/li>\n<li>S-BOX 806, S-BOX 816 &#8211; <a href=\"https:\/\/www.pawbol.pl\/wp-content\/uploads\/2026\/02\/PAWBOL_S-BOX-806-S-BOX-816.dwg\" target=\"_blank\" rel=\"noopener\">DWG<\/a> | <a href=\"https:\/\/www.pawbol.pl\/wp-content\/uploads\/2026\/02\/PAWBOL_S-BOX-806-S-BOX-816.zip\" target=\"_blank\" rel=\"noopener\">ZIP<\/a><\/li>\n<\/ul>\n<\/div><div class=\"fusion-title title fusion-title-4 fusion-sep-none fusion-title-center fusion-title-text fusion-title-size-three\" style=\"--awb-text-color:var(--awb-color5);\"><h3 class=\"title-heading-center\" style=\"margin:0;\">Hermetic distibution cabinet IP65<\/h3><\/div><div class=\"fusion-text fusion-text-4\"><ul>\n<li>C.1600 &#8211; <a href=\"https:\/\/www.pawbol.pl\/wp-content\/uploads\/2026\/03\/C.1600_Pawbol.dwg\" target=\"_blank\" rel=\"noopener\">DWG<\/a> | <a href=\"https:\/\/www.pawbol.pl\/wp-content\/uploads\/2026\/03\/C.1600_Pawbol.zip\" target=\"_blank\" rel=\"noopener\">ZIP<\/a><\/li>\n<li>C.1601 &#8211; <a href=\"https:\/\/www.pawbol.pl\/wp-content\/uploads\/2026\/03\/C.1601_Pawbol.dwg\" target=\"_blank\" rel=\"noopener\">DWG<\/a> | <a href=\"https:\/\/www.pawbol.pl\/wp-content\/uploads\/2026\/03\/C.1601_Pawbol.zip\" target=\"_blank\" rel=\"noopener\">ZIP<\/a><\/li>\n<li>C.1602 &#8211; <a href=\"https:\/\/www.pawbol.pl\/wp-content\/uploads\/2026\/03\/C.1602_Pawbol.dwg\" target=\"_blank\" rel=\"noopener\">DWG<\/a> | <a href=\"https:\/\/www.pawbol.pl\/wp-content\/uploads\/2026\/03\/C.1602_Pawbol.zip\" target=\"_blank\" rel=\"noopener\">ZIP<\/a><\/li>\n<li>C.1603 &#8211; <a href=\"https:\/\/www.pawbol.pl\/wp-content\/uploads\/2026\/03\/C.1603_Pawbol.dwg\" target=\"_blank\" rel=\"noopener\">DWG<\/a> | <a href=\"https:\/\/www.pawbol.pl\/wp-content\/uploads\/2026\/03\/C.1603_Pawbol.zip\" target=\"_blank\" rel=\"noopener\">ZIP<\/a><\/li>\n<li>C.1604 &#8211; <a href=\"https:\/\/www.pawbol.pl\/wp-content\/uploads\/2026\/03\/C.1604_Pawbol.dwg\" target=\"_blank\" rel=\"noopener\">DWG<\/a> |<a href=\"https:\/\/www.pawbol.pl\/wp-content\/uploads\/2026\/03\/C.1604_Pawbol.zip\" target=\"_blank\" rel=\"noopener\">ZIP<\/a><\/li>\n<\/ul>\n<\/div><\/div><\/div><\/div><\/div>\n","protected":false},"excerpt":{"rendered":"","protected":false},"author":1,"featured_media":0,"parent":4574,"menu_order":0,"comment_status":"closed","ping_status":"closed","template":"","meta":{"_acf_changed":false,"footnotes":""},"class_list":["post-4585","page","type-page","status-publish","hentry"],"acf":[],"yoast_head":"<!-- This site is optimized with the Yoast SEO plugin v27.6 - https:\/\/yoast.com\/product\/yoast-seo-wordpress\/ -->\n<title>For designers - Pawbol Sp. z o.o. - Producent Osprz\u0119tu Elektrotechnicznego<\/title>\n<meta name=\"robots\" content=\"index, follow, max-snippet:-1, max-image-preview:large, max-video-preview:-1\" \/>\n<link rel=\"canonical\" href=\"https:\/\/www.pawbol.pl\/en\/customer-zone\/for-designers\/\" \/>\n<meta property=\"og:locale\" content=\"en_US\" \/>\n<meta property=\"og:type\" content=\"article\" \/>\n<meta property=\"og:title\" content=\"For designers - Pawbol Sp. z o.o. - Producent Osprz\u0119tu Elektrotechnicznego\" \/>\n<meta property=\"og:url\" content=\"https:\/\/www.pawbol.pl\/en\/customer-zone\/for-designers\/\" \/>\n<meta property=\"og:site_name\" content=\"Pawbol Sp. z o.o. - Producent Osprz\u0119tu Elektrotechnicznego\" \/>\n<meta property=\"article:modified_time\" content=\"2026-04-20T09:13:31+00:00\" \/>\n<meta name=\"twitter:card\" content=\"summary_large_image\" \/>\n<meta name=\"twitter:label1\" content=\"Est. reading time\" \/>\n\t<meta name=\"twitter:data1\" content=\"11 minutes\" \/>\n<script type=\"application\/ld+json\" class=\"yoast-schema-graph\">{\"@context\":\"https:\\\/\\\/schema.org\",\"@graph\":[{\"@type\":\"WebPage\",\"@id\":\"https:\\\/\\\/www.pawbol.pl\\\/en\\\/customer-zone\\\/for-designers\\\/\",\"url\":\"https:\\\/\\\/www.pawbol.pl\\\/en\\\/customer-zone\\\/for-designers\\\/\",\"name\":\"For designers - Pawbol Sp. z o.o. - Producent Osprz\u0119tu Elektrotechnicznego\",\"isPartOf\":{\"@id\":\"https:\\\/\\\/www.pawbol.pl\\\/en\\\/#website\"},\"datePublished\":\"2023-05-17T10:04:25+00:00\",\"dateModified\":\"2026-04-20T09:13:31+00:00\",\"breadcrumb\":{\"@id\":\"https:\\\/\\\/www.pawbol.pl\\\/en\\\/customer-zone\\\/for-designers\\\/#breadcrumb\"},\"inLanguage\":\"en-US\",\"potentialAction\":[{\"@type\":\"ReadAction\",\"target\":[\"https:\\\/\\\/www.pawbol.pl\\\/en\\\/customer-zone\\\/for-designers\\\/\"]}]},{\"@type\":\"BreadcrumbList\",\"@id\":\"https:\\\/\\\/www.pawbol.pl\\\/en\\\/customer-zone\\\/for-designers\\\/#breadcrumb\",\"itemListElement\":[{\"@type\":\"ListItem\",\"position\":1,\"name\":\"Home\",\"item\":\"https:\\\/\\\/www.pawbol.pl\\\/en\\\/\"},{\"@type\":\"ListItem\",\"position\":2,\"name\":\"Customer zone\",\"item\":\"https:\\\/\\\/www.pawbol.pl\\\/en\\\/customer-zone\\\/\"},{\"@type\":\"ListItem\",\"position\":3,\"name\":\"For designers\"}]},{\"@type\":\"WebSite\",\"@id\":\"https:\\\/\\\/www.pawbol.pl\\\/en\\\/#website\",\"url\":\"https:\\\/\\\/www.pawbol.pl\\\/en\\\/\",\"name\":\"Pawbol Sp. z o.o. - Producent Osprz\u0119tu Elektrotechnicznego\",\"description\":\"Pawbol Sp. z o.o. to uznany producent osprz\u0119tu elektrotechnicznego. Puszki instalacyjne, osprz\u0119t si\u0142owy, obudowy i skrzynki rozdzielcze, osprz\u0119t o\u015bwietleniowy, listwy zaciskowe, gniazda i wtyczki telefoniczne, rury, kana\u0142y, z\u0142\u0105czki, kana\u0142y i listwy przypod\u0142ogowe, uchwyty i ta\u015bmy kablowe, instalacja odgromowa - to nasza specjalno\u015b\u0107!\",\"potentialAction\":[{\"@type\":\"SearchAction\",\"target\":{\"@type\":\"EntryPoint\",\"urlTemplate\":\"https:\\\/\\\/www.pawbol.pl\\\/en\\\/?s={search_term_string}\"},\"query-input\":{\"@type\":\"PropertyValueSpecification\",\"valueRequired\":true,\"valueName\":\"search_term_string\"}}],\"inLanguage\":\"en-US\"}]}<\/script>\n<!-- \/ Yoast SEO plugin. -->","yoast_head_json":{"title":"For designers - Pawbol Sp. z o.o. - Producent Osprz\u0119tu Elektrotechnicznego","robots":{"index":"index","follow":"follow","max-snippet":"max-snippet:-1","max-image-preview":"max-image-preview:large","max-video-preview":"max-video-preview:-1"},"canonical":"https:\/\/www.pawbol.pl\/en\/customer-zone\/for-designers\/","og_locale":"en_US","og_type":"article","og_title":"For designers - Pawbol Sp. z o.o. - Producent Osprz\u0119tu Elektrotechnicznego","og_url":"https:\/\/www.pawbol.pl\/en\/customer-zone\/for-designers\/","og_site_name":"Pawbol Sp. z o.o. - Producent Osprz\u0119tu Elektrotechnicznego","article_modified_time":"2026-04-20T09:13:31+00:00","twitter_card":"summary_large_image","twitter_misc":{"Est. reading time":"11 minutes"},"schema":{"@context":"https:\/\/schema.org","@graph":[{"@type":"WebPage","@id":"https:\/\/www.pawbol.pl\/en\/customer-zone\/for-designers\/","url":"https:\/\/www.pawbol.pl\/en\/customer-zone\/for-designers\/","name":"For designers - Pawbol Sp. z o.o. - Producent Osprz\u0119tu Elektrotechnicznego","isPartOf":{"@id":"https:\/\/www.pawbol.pl\/en\/#website"},"datePublished":"2023-05-17T10:04:25+00:00","dateModified":"2026-04-20T09:13:31+00:00","breadcrumb":{"@id":"https:\/\/www.pawbol.pl\/en\/customer-zone\/for-designers\/#breadcrumb"},"inLanguage":"en-US","potentialAction":[{"@type":"ReadAction","target":["https:\/\/www.pawbol.pl\/en\/customer-zone\/for-designers\/"]}]},{"@type":"BreadcrumbList","@id":"https:\/\/www.pawbol.pl\/en\/customer-zone\/for-designers\/#breadcrumb","itemListElement":[{"@type":"ListItem","position":1,"name":"Home","item":"https:\/\/www.pawbol.pl\/en\/"},{"@type":"ListItem","position":2,"name":"Customer zone","item":"https:\/\/www.pawbol.pl\/en\/customer-zone\/"},{"@type":"ListItem","position":3,"name":"For designers"}]},{"@type":"WebSite","@id":"https:\/\/www.pawbol.pl\/en\/#website","url":"https:\/\/www.pawbol.pl\/en\/","name":"Pawbol Sp. z o.o. - Producent Osprz\u0119tu Elektrotechnicznego","description":"Pawbol Sp. z o.o. to uznany producent osprz\u0119tu elektrotechnicznego. Puszki instalacyjne, osprz\u0119t si\u0142owy, obudowy i skrzynki rozdzielcze, osprz\u0119t o\u015bwietleniowy, listwy zaciskowe, gniazda i wtyczki telefoniczne, rury, kana\u0142y, z\u0142\u0105czki, kana\u0142y i listwy przypod\u0142ogowe, uchwyty i ta\u015bmy kablowe, instalacja odgromowa - to nasza specjalno\u015b\u0107!","potentialAction":[{"@type":"SearchAction","target":{"@type":"EntryPoint","urlTemplate":"https:\/\/www.pawbol.pl\/en\/?s={search_term_string}"},"query-input":{"@type":"PropertyValueSpecification","valueRequired":true,"valueName":"search_term_string"}}],"inLanguage":"en-US"}]}},"_links":{"self":[{"href":"https:\/\/www.pawbol.pl\/en\/wp-json\/wp\/v2\/pages\/4585","targetHints":{"allow":["GET"]}}],"collection":[{"href":"https:\/\/www.pawbol.pl\/en\/wp-json\/wp\/v2\/pages"}],"about":[{"href":"https:\/\/www.pawbol.pl\/en\/wp-json\/wp\/v2\/types\/page"}],"author":[{"embeddable":true,"href":"https:\/\/www.pawbol.pl\/en\/wp-json\/wp\/v2\/users\/1"}],"replies":[{"embeddable":true,"href":"https:\/\/www.pawbol.pl\/en\/wp-json\/wp\/v2\/comments?post=4585"}],"version-history":[{"count":6,"href":"https:\/\/www.pawbol.pl\/en\/wp-json\/wp\/v2\/pages\/4585\/revisions"}],"predecessor-version":[{"id":12186,"href":"https:\/\/www.pawbol.pl\/en\/wp-json\/wp\/v2\/pages\/4585\/revisions\/12186"}],"up":[{"embeddable":true,"href":"https:\/\/www.pawbol.pl\/en\/wp-json\/wp\/v2\/pages\/4574"}],"wp:attachment":[{"href":"https:\/\/www.pawbol.pl\/en\/wp-json\/wp\/v2\/media?parent=4585"}],"curies":[{"name":"wp","href":"https:\/\/api.w.org\/{rel}","templated":true}]}}